{"id":15,"date":"2016-09-23T19:05:15","date_gmt":"2016-09-23T18:05:15","guid":{"rendered":"http:\/\/valdemollin.be\/?page_id=15"},"modified":"2019-10-20T12:45:45","modified_gmt":"2019-10-20T11:45:45","slug":"sacre-de-birmanie","status":"publish","type":"page","link":"https:\/\/valdemollin.be\/index.php\/sacre-de-birmanie\/","title":{"rendered":"Sacr\u00e9 de Birmanie"},"content":{"rendered":"<p><span style=\"text-decoration: underline;\"><strong>Standard de la race:<\/strong><\/span><\/p>\n<p><img loading=\"lazy\" decoding=\"async\" class=\"size-medium wp-image-226 alignleft\" src=\"https:\/\/valdemollin.be\/wp-content\/uploads\/2016\/09\/DSC_3989167941-2-300x247.jpg\" alt=\"dsc_3989167941-2\" width=\"300\" height=\"247\" srcset=\"https:\/\/valdemollin.be\/wp-content\/uploads\/2016\/09\/DSC_3989167941-2-300x247.jpg 300w, https:\/\/valdemollin.be\/wp-content\/uploads\/2016\/09\/DSC_3989167941-2-768x633.jpg 768w, https:\/\/valdemollin.be\/wp-content\/uploads\/2016\/09\/DSC_3989167941-2-1024x844.jpg 1024w, https:\/\/valdemollin.be\/wp-content\/uploads\/2016\/09\/DSC_3989167941-2-1140x940.jpg 1140w\" sizes=\"auto, (max-width: 300px) 100vw, 300px\" \/>Le chat Sacr\u00e9 de Birmanie est de taille moyenne plut\u00f4t longiligne.<\/p>\n<p><span style=\"text-decoration: underline;\">La t\u00eate:<\/span> Elle est ronde avec un front est l\u00e9g\u00e8rement bomb\u00e9. \u00a0Le nez est de type romain (en toboggan avec une d\u00e9pression due aux poils). \u00a0Les oreilles sont larges \u00e0 la base et un peu arrondie aux extr\u00e9mit\u00e9s. \u00a0Les YEUX sont grands et bien espac\u00e9s. \u00a0Ronds ou ovales, ils doivent \u00eatre bleus, le plus fonc\u00e9s et intenses possible.<\/p>\n<p><span style=\"text-decoration: underline;\">Les pattes:<\/span> Elles sont puissantes et \u00e9l\u00e9gantes. \u00a0Les GANTS doivent \u00eatre blancs (aucune tache n&rsquo;est accept\u00e9e!). \u00a0Ils doivent s&rsquo;arr\u00eater \u00e0 la jonction du poignet (= troisi\u00e8me phalange). \u00a0Le contraste doit \u00eatre bien marqu\u00e9 entre le blanc des gants et la couleur des pattes. \u00a0Attention, aucun chat n&rsquo;est parfait! \u00a0Le but est de se rapprocher le plus possible de cet aspect. \u00a0Les \u00c9PERONS se situent sur les pattes arri\u00e8res. Ils doivent remonter en pointe jusqu&rsquo;aux 2\/3 de la face plantaire. \u00a0Les gants doivent \u00eatre sym\u00e9triques sur les 4 pattes mais la sym\u00e9tries avant \/ arri\u00e8re est aussi accept\u00e9e.<\/p>\n<p><span style=\"text-decoration: underline;\">La fourrure:<\/span> Mi-longue \u00e0 longue doit \u00eatre soyeuse. \u00a0Elle doit \u00eatre plus longue sur la collerette, les flancs, le ventre, la queue et l&rsquo;arri\u00e8re des cuisses que sur le reste du corps. \u00a0La densit\u00e9 de la fourrure d\u00e9pend tr\u00e8s fort de la saison et de l&rsquo;environnement du chat. \u00a0Par exemple, un chat ayant acc\u00e8s \u00e0 l&rsquo;ext\u00e9rieur durant l&rsquo;hiver aura une collerette tr\u00e8s \u00e9paisse alors que celui qui restera \u00e0 l&rsquo;int\u00e9rieur aura simplement plus de poils en g\u00e9n\u00e9ral.<\/p>\n<p><span style=\"text-decoration: underline;\">La queue:<\/span> Bien proportionn\u00e9e au corps, elle doit \u00eatre \u00e9paisse avec de long poils.<\/p>\n<p><strong><span style=\"text-decoration: underline;\">Le caract\u00e8re du birman:<\/span><\/strong><\/p>\n<p>Le birman est un chat calme et sociable. \u00a0Il a une voix douce et adore \u00ab\u00a0parler\u00a0\u00bb. \u00a0Certains passent leur temps \u00e0 raconter leur vie. \u00a0C&rsquo;est une race qui sait tr\u00e8s bien exprimer ce qu&rsquo;il veut. \u00a0D&rsquo;un regard, d&rsquo;un miaulement,il vous exprime sa tendresse ou son envie de jouer. \u00a0Le birman \u00e0 besoin d&rsquo;attention et est malheureux s&rsquo;il n&rsquo;en re\u00e7oit pas assez. \u00a0Mais n&rsquo;oubliez pas que chaque chat est diff\u00e9rent, et \u00e0 son propre caract\u00e8re.<\/p>\n<figure id=\"attachment_228\" aria-describedby=\"caption-attachment-228\" style=\"width: 225px\" class=\"wp-caption aligncenter\"><img loading=\"lazy\" decoding=\"async\" class=\"wp-image-228 size-medium\" src=\"https:\/\/valdemollin.be\/wp-content\/uploads\/2016\/09\/1470659286011-225x300.jpg\" alt=\"1470659286011\" width=\"225\" height=\"300\" srcset=\"https:\/\/valdemollin.be\/wp-content\/uploads\/2016\/09\/1470659286011-225x300.jpg 225w, https:\/\/valdemollin.be\/wp-content\/uploads\/2016\/09\/1470659286011.jpg 300w\" sizes=\"auto, (max-width: 225px) 100vw, 225px\" \/><figcaption id=\"caption-attachment-228\" class=\"wp-caption-text\">Futile dans la cage de transport des chiens.<\/figcaption><\/figure>\n<p><strong><span style=\"text-decoration: underline;\">Les couleurs:<\/span><\/strong><\/p>\n<ul>\n<li>Seal (chocolat noir) dont la dilution est le Blue (gris)<\/li>\n<li>Chocolat (Brun) dont la dilution est le Lilac ((gris clair\/brun)<\/li>\n<li>Red (roux) dont la dilution est le cr\u00e8me (blond v\u00e9nitien)<\/li>\n<\/ul>\n<p>Toutes ces couleurs existent en POINT (uni) ou en TABBY (tigr\u00e9). \u00a0Il y a aussi le TORTIE qui est un m\u00e9lange de deux couleurs.<\/p>\n","protected":false},"excerpt":{"rendered":"<p>Standard de la race: Le chat Sacr\u00e9 de Birmanie est de taille moyenne plut\u00f4t longiligne. La t\u00eate: Elle est ronde avec un front est l\u00e9g\u00e8rement bomb\u00e9. \u00a0Le nez est de type romain (en toboggan avec une d\u00e9pression due aux poils). \u00a0Les oreilles sont larges \u00e0 la base et un peu arrondie aux extr\u00e9mit\u00e9s. \u00a0Les YEUX<span class=\"excerpt-ellipsis\">&#8230;<\/span><\/p>\n<p><a class=\"more-link\" href=\"https:\/\/valdemollin.be\/index.php\/sacre-de-birmanie\/\" itemprop=\"url\">Continue Reading<\/a><\/p>\n","protected":false},"author":1,"featured_media":0,"parent":0,"menu_order":0,"comment_status":"closed","ping_status":"closed","template":"","meta":{"footnotes":""},"class_list":["post-15","page","type-page","status-publish","hentry"],"_links":{"self":[{"href":"https:\/\/valdemollin.be\/index.php\/wp-json\/wp\/v2\/pages\/15","targetHints":{"allow":["GET"]}}],"collection":[{"href":"https:\/\/valdemollin.be\/index.php\/wp-json\/wp\/v2\/pages"}],"about":[{"href":"https:\/\/valdemollin.be\/index.php\/wp-json\/wp\/v2\/types\/page"}],"author":[{"embeddable":true,"href":"https:\/\/valdemollin.be\/index.php\/wp-json\/wp\/v2\/users\/1"}],"replies":[{"embeddable":true,"href":"https:\/\/valdemollin.be\/index.php\/wp-json\/wp\/v2\/comments?post=15"}],"version-history":[{"count":10,"href":"https:\/\/valdemollin.be\/index.php\/wp-json\/wp\/v2\/pages\/15\/revisions"}],"predecessor-version":[{"id":554,"href":"https:\/\/valdemollin.be\/index.php\/wp-json\/wp\/v2\/pages\/15\/revisions\/554"}],"wp:attachment":[{"href":"https:\/\/valdemollin.be\/index.php\/wp-json\/wp\/v2\/media?parent=15"}],"curies":[{"name":"wp","href":"https:\/\/api.w.org\/{rel}","templated":true}]}}